{"id":2,"date":"2019-05-14T03:48:21","date_gmt":"2019-05-14T03:48:21","guid":{"rendered":"http:\/\/www.gerhardjenders.de\/?page_id=2"},"modified":"2019-06-21T21:20:28","modified_gmt":"2019-06-21T21:20:28","slug":"sample-page","status":"publish","type":"page","link":"https:\/\/www.gerhardjenders.de\/?page_id=2","title":{"rendered":"Unterwegs"},"content":{"rendered":"<p>Man ist schon mal unterwegs. Und dann schreibt man Postkarten nach Hause oder an Freundinnen und Freunde. Aber es gibt Leute, die wollen mehr erfahren, als auf eine Karte passt.\u00a0 Und es gibt Leute, die wollen mehr mitteilen, als auf eine Karte passt. Solche Menschen schreiben dann Reisetageb\u00fccher. Wer das auf modern machen will, schreibt eben einen Blog.<\/p>\n<p>Ich hab mir vor Jahren einen alten Psion auf dem Flohmarkt gekauft. Da konnte ich unterwegs fein s\u00e4uberlich was aufschreiben, zu Hause in eine Textverarbeitung \u00fcbertragen und Bilder einf\u00fcgen. Und irgendwann hab ich mir dann auch ein Smartphone gekauft. Da kann ich unterwegs fein s\u00e4uberlich was aufschreiben und Fotos machen. Das hab ich bei einigen Reisen dann regelm\u00e4\u00dfig bei Facebook hochgeladen, aber nicht alle, die das lesen wollten, hatten ein Facebook-Account (was ich gut verstehen kann). Also denen noch eine Mail oder eine Whatsapp- oder Threema-Nachricht schicken&#8230;<\/p>\n<p>Jetzt gibt es f\u00fcr alle, die lesen wollen, diesen Blog.<\/p>\n<p>Er ist nat\u00fcrlich v\u00f6llig unkommerziell und frei von Werbung. Wenn ich irgendwo etwas empfehle oder schm\u00e4he, dann mach ich das aus ehrlicher Erfahrung. Es beruht nat\u00fcrlich immer auf dem Zustand, den ich gesehen oder erlebt habe. Die Welt \u00e4ndert sich &#8211; und wenn ein Zeltplatz, den ich als wundersch\u00f6n beschrieben habe, inzwischen grausig ist, dann ist das eben so.<\/p>\n<p>Es gibt auch ein paar Wanderungen, aber die meisten Touren sind Fahrrad-Touren. Zuerst mit einem Peer-Gynt-Langlieger von Radius (den hab ich geschenkt bekommen von einem, der ihn auch geschenkt bekommen hat), dann mit einer Speedmachine von HP.<\/p>\n<p>Noch eine Anmerkung: Es kommen in den Texten schon mal Ortsnamen vor. Die muss man nicht alle kennen. Ich k\u00f6nnte zu jedem Ortsnamen einen Link setzen, aber ich glaube, dazu bin ich zu faul. Ich empfehle, bei Interesse die Orte \u00fcber www.openstreetmap.org zu suchen.<\/p>\n<p>Wer mir etwas schreiben will, kann das unter den Beitr\u00e4gen tun &#8211; zum Thema Datenschutz schaut ins &#8222;Impressum&#8220;. Wer informiert werden will, wenn ich was neues geschrieben hab, setzt unter dem Kommentarfeld noch das entsprechende H\u00e4kchen.<\/p>\n\n\n<p><\/p>\n","protected":false},"excerpt":{"rendered":"<p>Man ist schon mal unterwegs. Und dann schreibt man Postkarten nach Hause oder an Freundinnen und Freunde. Aber es gibt&hellip;<\/p>\n","protected":false},"author":1,"featured_media":0,"parent":0,"menu_order":0,"comment_status":"closed","ping_status":"open","template":"","meta":{"jetpack_post_was_ever_published":false,"footnotes":""},"class_list":["post-2","page","type-page","status-publish","hentry"],"jetpack_sharing_enabled":true,"_links":{"self":[{"href":"https:\/\/www.gerhardjenders.de\/index.php?rest_route=\/wp\/v2\/pages\/2","targetHints":{"allow":["GET"]}}],"collection":[{"href":"https:\/\/www.gerhardjenders.de\/index.php?rest_route=\/wp\/v2\/pages"}],"about":[{"href":"https:\/\/www.gerhardjenders.de\/index.php?rest_route=\/wp\/v2\/types\/page"}],"author":[{"embeddable":true,"href":"https:\/\/www.gerhardjenders.de\/index.php?rest_route=\/wp\/v2\/users\/1"}],"replies":[{"embeddable":true,"href":"https:\/\/www.gerhardjenders.de\/index.php?rest_route=%2Fwp%2Fv2%2Fcomments&post=2"}],"version-history":[{"count":3,"href":"https:\/\/www.gerhardjenders.de\/index.php?rest_route=\/wp\/v2\/pages\/2\/revisions"}],"predecessor-version":[{"id":787,"href":"https:\/\/www.gerhardjenders.de\/index.php?rest_route=\/wp\/v2\/pages\/2\/revisions\/787"}],"wp:attachment":[{"href":"https:\/\/www.gerhardjenders.de\/index.php?rest_route=%2Fwp%2Fv2%2Fmedia&parent=2"}],"curies":[{"name":"wp","href":"https:\/\/api.w.org\/{rel}","templated":true}]}}